{"id":3658,"date":"2022-08-22T16:27:06","date_gmt":"2022-08-22T14:27:06","guid":{"rendered":"https:\/\/villaminguccio.com\/?page_id=3658"},"modified":"2025-01-27T08:12:34","modified_gmt":"2025-01-27T07:12:34","slug":"tarif","status":"publish","type":"page","link":"https:\/\/villaminguccio.com\/it\/tarif\/","title":{"rendered":"TARIF"},"content":{"rendered":"\n<div class=\"wp-block-columns is-layout-flex wp-container-core-columns-is-layout-9d6595d7 wp-block-columns-is-layout-flex\">\n<div class=\"wp-block-column is-layout-flow wp-block-column-is-layout-flow\" style=\"flex-basis:100%\"><style>.kb-row-layout-id_eb5325-bf > .kt-row-column-wrap{align-content:start;}:where(.kb-row-layout-id_eb5325-bf > .kt-row-column-wrap) > .wp-block-kadence-column{justify-content:start;}.kb-row-layout-id_eb5325-bf > .kt-row-column-wrap{column-gap:var(--global-kb-gap-md, 2rem);row-gap:var(--global-kb-gap-md, 2rem);max-width:var( --global-content-width, 2000px );padding-left:var(--global-content-edge-padding);padding-right:var(--global-content-edge-padding);padding-top:100px;padding-bottom:80px;grid-template-columns:minmax(0, 1fr);}.kb-row-layout-id_eb5325-bf{background-image:url('https:\/\/villaminguccio.com\/wp-content\/uploads\/2022\/08\/20220704_143002-scaled.jpg');background-size:cover;background-position:68% 24%;background-attachment:scroll;background-repeat:no-repeat;}.kb-row-layout-id_eb5325-bf > .kt-row-layout-overlay{opacity:0.30;background-color:var(--global-palette3, #1A202C);}@media all and (max-width: 1024px){.kb-row-layout-id_eb5325-bf > .kt-row-column-wrap{grid-template-columns:minmax(0, 1fr);}}@media all and (max-width: 767px){.kb-row-layout-id_eb5325-bf > .kt-row-column-wrap{grid-template-columns:minmax(0, 1fr);}}<\/style><div class=\"kb-row-layout-wrap kb-row-layout-id_eb5325-bf alignnone has-theme-palette7-background-color kt-row-has-bg wp-block-kadence-rowlayout\"><div class=\"kt-row-layout-overlay kt-row-overlay-normal\"><\/div><div class=\"kt-row-column-wrap kt-has-1-columns kt-row-layout-equal kt-tab-layout-inherit kt-mobile-layout-row kt-row-valign-top kb-theme-content-width\">\n<style>.kadence-column_03a0a0-e2 > .kt-inside-inner-col,.kadence-column_03a0a0-e2 > .kt-inside-inner-col:before{border-top-left-radius:0px;border-top-right-radius:0px;border-bottom-right-radius:0px;border-bottom-left-radius:0px;}.kadence-column_03a0a0-e2 > .kt-inside-inner-col{column-gap:var(--global-kb-gap-sm, 1rem);}.kadence-column_03a0a0-e2 > .kt-inside-inner-col{flex-direction:column;}.kadence-column_03a0a0-e2 > .kt-inside-inner-col > .aligncenter{width:100%;}.kadence-column_03a0a0-e2 > .kt-inside-inner-col:before{opacity:0.3;}.kadence-column_03a0a0-e2{position:relative;}@media all and (max-width: 1024px){.kadence-column_03a0a0-e2 > .kt-inside-inner-col{flex-direction:column;justify-content:center;}}@media all and (max-width: 767px){.kadence-column_03a0a0-e2 > .kt-inside-inner-col{flex-direction:column;justify-content:center;}}<\/style>\n<div class=\"wp-block-kadence-column kadence-column_03a0a0-e2 inner-column-1\"><div class=\"kt-inside-inner-col\"><style>.wp-block-kadence-advancedheading.kt-adv-heading_183111-1e, .wp-block-kadence-advancedheading.kt-adv-heading_183111-1e[data-kb-block=\"kb-adv-heading_183111-1e\"]{text-align:center;font-style:normal;}.wp-block-kadence-advancedheading.kt-adv-heading_183111-1e mark.kt-highlight, .wp-block-kadence-advancedheading.kt-adv-heading_183111-1e[data-kb-block=\"kb-adv-heading_183111-1e\"] mark.kt-highlight{font-style:normal;color:#f76a0c;-webkit-box-decoration-break:clone;box-decoration-break:clone;padding-top:0px;padding-right:0px;padding-bottom:0px;padding-left:0px;}.wp-block-kadence-advancedheading.kt-adv-heading_183111-1e img.kb-inline-image, .wp-block-kadence-advancedheading.kt-adv-heading_183111-1e[data-kb-block=\"kb-adv-heading_183111-1e\"] img.kb-inline-image{width:150px;vertical-align:baseline;}@media all and (max-width: 767px){.wp-block-kadence-advancedheading.kt-adv-heading_183111-1e, .wp-block-kadence-advancedheading.kt-adv-heading_183111-1e[data-kb-block=\"kb-adv-heading_183111-1e\"]{font-size:40px;}}<\/style>\n<h1 class=\"kt-adv-heading_183111-1e wp-block-kadence-advancedheading has-theme-palette-9-color has-text-color\" data-kb-block=\"kb-adv-heading_183111-1e\">TARIF<\/h1>\n\n\n\n<p class=\"has-text-align-center has-theme-palette-9-color has-theme-palette-2-background-color has-text-color has-background\" style=\"font-size:20px\"><strong>Ce tarif s&rsquo;entend \u00e0 la nuit\u00e9e. <\/strong><strong>Un minimum de 7 jours est requis. <\/strong><br><strong>Un forfait m\u00e9nage est syst\u00e9matiquement appliqu\u00e9 \u00e0 chaque fin de s\u00e9jour. Prix : 50 \u20ac<\/strong><\/p>\n\n\n\n<div class=\"wp-block-columns is-layout-flex wp-container-core-columns-is-layout-9d6595d7 wp-block-columns-is-layout-flex\">\n<div class=\"wp-block-column is-layout-flow wp-block-column-is-layout-flow\" style=\"flex-basis:100%\">\n<figure class=\"wp-block-table is-style-stripes\"><table class=\"has-theme-palette-7-background-color has-background\"><tbody><tr><td class=\"has-text-align-center\" data-align=\"center\"><strong>P\u00c9RIODE<\/strong><\/td><td class=\"has-text-align-center\" data-align=\"center\"><strong>1 ou 2 personnes<\/strong><\/td><td class=\"has-text-align-center\" data-align=\"center\"><strong>3 personnes<\/strong><\/td><td class=\"has-text-align-center\" data-align=\"center\"><strong>4 personnes<\/strong><\/td><td class=\"has-text-align-center\" data-align=\"center\"><strong>5 personnes<\/strong><\/td><td class=\"has-text-align-center\" data-align=\"center\"><strong>6 personnes<\/strong><\/td><\/tr><tr><td class=\"has-text-align-center\" data-align=\"center\"><strong>NOVEMBRE \u2013 DECEMBRE \u2013 JANVIER<\/strong><\/td><td class=\"has-text-align-center\" data-align=\"center\">100 \u20ac<\/td><td class=\"has-text-align-center\" data-align=\"center\">120 \u20ac<\/td><td class=\"has-text-align-center\" data-align=\"center\">140 \u20ac<\/td><td class=\"has-text-align-center\" data-align=\"center\">160 \u20ac<\/td><td class=\"has-text-align-center\" data-align=\"center\">180 \u20ac<\/td><\/tr><tr><td class=\"has-text-align-center\" data-align=\"center\"><strong>FEVRIER \u2013 MARS \u2013 AVRIL \u2013 OCTOBRE<\/strong><\/td><td class=\"has-text-align-center\" data-align=\"center\">110 \u20ac<\/td><td class=\"has-text-align-center\" data-align=\"center\">130 \u20ac<\/td><td class=\"has-text-align-center\" data-align=\"center\">150 \u20ac<\/td><td class=\"has-text-align-center\" data-align=\"center\">170 \u20ac<\/td><td class=\"has-text-align-center\" data-align=\"center\">190 \u20ac<\/td><\/tr><tr><td class=\"has-text-align-center\" data-align=\"center\"><strong>MAI \u2013 SEPTEMBRE<\/strong><\/td><td class=\"has-text-align-center\" data-align=\"center\">115 \u20ac<\/td><td class=\"has-text-align-center\" data-align=\"center\">135 \u20ac<\/td><td class=\"has-text-align-center\" data-align=\"center\">155 \u20ac<\/td><td class=\"has-text-align-center\" data-align=\"center\">175 \u20ac<\/td><td class=\"has-text-align-center\" data-align=\"center\">195 \u20ac<\/td><\/tr><tr><td class=\"has-text-align-center\" data-align=\"center\"><strong>JUIN<\/strong><\/td><td class=\"has-text-align-center\" data-align=\"center\">120 \u20ac<\/td><td class=\"has-text-align-center\" data-align=\"center\">140 \u20ac<\/td><td class=\"has-text-align-center\" data-align=\"center\">160 \u20ac<\/td><td class=\"has-text-align-center\" data-align=\"center\">180 \u20ac<\/td><td class=\"has-text-align-center\" data-align=\"center\">200 \u20ac<\/td><\/tr><tr><td class=\"has-text-align-center\" data-align=\"center\"><strong>JUILLET \u2013 AOUT<\/strong><\/td><td class=\"has-text-align-center\" data-align=\"center\">130 \u20ac<\/td><td class=\"has-text-align-center\" data-align=\"center\">150 \u20ac<\/td><td class=\"has-text-align-center\" data-align=\"center\">170 \u20ac<\/td><td class=\"has-text-align-center\" data-align=\"center\">190 \u20ac<\/td><td class=\"has-text-align-center\" data-align=\"center\">210 \u20ac<\/td><\/tr><\/tbody><\/table><\/figure>\n<\/div>\n<\/div>\n\n\n\n<p><\/p>\n<\/div><\/div>\n\n<\/div><\/div><\/div>\n<\/div>\n\n\n\n<h2 class=\"wp-block-heading has-text-align-center\">POUR R\u00c9SERVER<\/h2>\n\n\n\n<div class=\"wp-block-columns is-layout-flex wp-container-core-columns-is-layout-9d6595d7 wp-block-columns-is-layout-flex\">\n<div class=\"wp-block-column is-layout-flow wp-block-column-is-layout-flow\" style=\"flex-basis:100%\"><style>.kb-row-layout-wrap.wp-block-kadence-rowlayout.kb-row-layout-id_fbcdf8-d5{margin-top:0px;margin-bottom:0px;}.kb-row-layout-id_fbcdf8-d5 > .kt-row-column-wrap{align-content:start;}:where(.kb-row-layout-id_fbcdf8-d5 > .kt-row-column-wrap) > .wp-block-kadence-column{justify-content:start;}.kb-row-layout-id_fbcdf8-d5 > .kt-row-column-wrap{column-gap:var(--global-kb-gap-none, 0rem );row-gap:var(--global-kb-gap-md, 2rem);max-width:var( --global-content-width, 2000px );padding-left:var(--global-content-edge-padding);padding-right:var(--global-content-edge-padding);padding-top:0px;padding-bottom:0px;}.kb-row-layout-id_fbcdf8-d5 > .kt-row-column-wrap > div:not(.added-for-specificity){grid-column:initial;}.kb-row-layout-id_fbcdf8-d5 > .kt-row-column-wrap{grid-template-columns:minmax(0, 1fr) minmax(0, 2fr) minmax(0, 1fr);}.kb-row-layout-id_fbcdf8-d5 > .kt-row-layout-overlay{opacity:0.30;}@media all and (max-width: 1024px){.kb-row-layout-id_fbcdf8-d5 > .kt-row-column-wrap > div:not(.added-for-specificity){grid-column:initial;}}@media all and (max-width: 1024px){.kb-row-layout-id_fbcdf8-d5 > .kt-row-column-wrap{grid-template-columns:minmax(0, 1fr) minmax(0, 2fr) minmax(0, 1fr);}}@media all and (max-width: 767px){.kb-row-layout-id_fbcdf8-d5 > .kt-row-column-wrap > div:not(.added-for-specificity){grid-column:initial;}.kb-row-layout-id_fbcdf8-d5 > .kt-row-column-wrap{grid-template-columns:minmax(0, 1fr);}}<\/style><div class=\"kb-row-layout-wrap kb-row-layout-id_fbcdf8-d5 alignnone wp-block-kadence-rowlayout\"><div class=\"kt-row-column-wrap kt-has-3-columns kt-row-layout-center-half kt-tab-layout-inherit kt-mobile-layout-row kt-row-valign-top kb-theme-content-width\">\n<style>.kadence-column_712f7d-7e > .kt-inside-inner-col{padding-top:0px;padding-bottom:0px;}.kadence-column_712f7d-7e > .kt-inside-inner-col,.kadence-column_712f7d-7e > .kt-inside-inner-col:before{border-top-left-radius:0px;border-top-right-radius:0px;border-bottom-right-radius:0px;border-bottom-left-radius:0px;}.kadence-column_712f7d-7e > .kt-inside-inner-col{column-gap:var(--global-kb-gap-sm, 1rem);}.kadence-column_712f7d-7e > .kt-inside-inner-col{flex-direction:column;}.kadence-column_712f7d-7e > .kt-inside-inner-col > .aligncenter{width:100%;}.kadence-column_712f7d-7e > .kt-inside-inner-col:before{opacity:0.3;}.kadence-column_712f7d-7e{position:relative;}.kadence-column_712f7d-7e, .kt-inside-inner-col > .kadence-column_712f7d-7e:not(.specificity){margin-top:0px;margin-bottom:0px;}@media all and (max-width: 1024px){.kadence-column_712f7d-7e > .kt-inside-inner-col{flex-direction:column;justify-content:center;}}@media all and (max-width: 767px){.kadence-column_712f7d-7e > .kt-inside-inner-col{flex-direction:column;justify-content:center;}}<\/style>\n<div class=\"wp-block-kadence-column kadence-column_712f7d-7e inner-column-1\"><div class=\"kt-inside-inner-col\"><\/div><\/div>\n\n\n<style>.kadence-column_315587-5b > .kt-inside-inner-col{border-right:1px solid var(--global-palette8, #F7FAFC);border-left:1px solid var(--global-palette8, #F7FAFC);}.kadence-column_315587-5b > .kt-inside-inner-col,.kadence-column_315587-5b > .kt-inside-inner-col:before{border-top-left-radius:0px;border-top-right-radius:0px;border-bottom-right-radius:0px;border-bottom-left-radius:0px;}.kadence-column_315587-5b > .kt-inside-inner-col{column-gap:var(--global-kb-gap-sm, 1rem);}.kadence-column_315587-5b > .kt-inside-inner-col{flex-direction:column;}.kadence-column_315587-5b > .kt-inside-inner-col > .aligncenter{width:100%;}.kadence-column_315587-5b > .kt-inside-inner-col:before{opacity:0.3;}.kadence-column_315587-5b{position:relative;}@media all and (max-width: 1024px){.kadence-column_315587-5b > .kt-inside-inner-col{border-right:1px solid var(--global-palette8, #F7FAFC);border-left:1px solid var(--global-palette8, #F7FAFC);flex-direction:column;justify-content:center;}}@media all and (max-width: 767px){.kadence-column_315587-5b > .kt-inside-inner-col{border-right:1px solid var(--global-palette8, #F7FAFC);border-left:1px solid var(--global-palette8, #F7FAFC);flex-direction:column;justify-content:center;}}<\/style>\n<div class=\"wp-block-kadence-column kadence-column_315587-5b inner-column-2\"><div class=\"kt-inside-inner-col\">\n<div class=\"wp-block-columns is-layout-flex wp-container-core-columns-is-layout-9d6595d7 wp-block-columns-is-layout-flex\">\n<div class=\"wp-block-column is-layout-flow wp-block-column-is-layout-flow\"><style>.wp-block-kadence-column.kb-section-dir-horizontal > .kt-inside-inner-col > .kt-info-box_81971e-33 .kt-blocks-info-box-link-wrap{max-width:unset;}.kt-info-box_81971e-33 .kt-blocks-info-box-link-wrap{border-top-left-radius:0px;border-top-right-radius:0px;border-bottom-right-radius:0px;border-bottom-left-radius:0px;background:var(--global-palette9, #ffffff);padding-top:60px;padding-right:60px;padding-bottom:60px;padding-left:60px;margin-top:0px;margin-bottom:0px;}.kt-info-box_81971e-33 .kt-blocks-info-box-link-wrap:hover{background:var(--global-palette8, #F7FAFC);}.kt-info-box_81971e-33 .kadence-info-box-icon-container .kt-info-svg-icon, .kt-info-box_81971e-33 .kt-info-svg-icon-flip, .kt-info-box_81971e-33 .kt-blocks-info-box-number{font-size:30px;}.kt-info-box_81971e-33 .kt-blocks-info-box-media{color:var(--global-palette9, #ffffff);background:var(--global-palette1, #3182CE);border-radius:200px;overflow:hidden;border-top-width:0px;border-right-width:0px;border-bottom-width:0px;border-left-width:0px;padding-top:20px;padding-right:20px;padding-bottom:20px;padding-left:20px;}.kt-info-box_81971e-33 .kt-blocks-info-box-media-container{margin-top:0px;margin-right:15px;margin-bottom:10px;margin-left:15px;}.kt-info-box_81971e-33 .kt-blocks-info-box-media .kadence-info-box-image-intrisic img{border-radius:200px;}.kt-info-box_81971e-33 .kt-blocks-info-box-link-wrap:hover .kt-blocks-info-box-media{color:var(--global-palette9, #ffffff);background:var(--global-palette1, #3182CE);}.kt-info-box_81971e-33 .kt-infobox-textcontent h6.kt-blocks-info-box-title{color:var(--global-palette3, #1A202C);padding-top:0px;padding-right:0px;padding-bottom:0px;padding-left:0px;margin-top:5px;margin-right:0px;margin-bottom:10px;margin-left:0px;}.kt-info-box_81971e-33 .kt-infobox-textcontent .kt-blocks-info-box-text{color:var(--global-palette5, #4A5568);}.kt-info-box_81971e-33 .kt-blocks-info-box-learnmore{background:transparent;border-color:#555555;border-width:0px 0px 0px 0px;padding-top:4px;padding-right:8px;padding-bottom:4px;padding-left:8px;margin-top:10px;margin-right:0px;margin-bottom:10px;margin-left:0px;}.kt-info-box_81971e-33 .kt-blocks-info-box-link-wrap:hover .kt-blocks-info-box-learnmore,.kt-info-box_81971e-33 .kt-blocks-info-box-link-wrap .kt-blocks-info-box-learnmore:focus{color:#ffffff;background:#444444;border-color:#444444;}<\/style>\n<div class=\"wp-block-kadence-infobox kt-info-box_81971e-33\"><div class=\"kt-blocks-info-box-link-wrap kt-blocks-info-box-media-align-top kt-info-halign-center\"><div class=\"kt-blocks-info-box-media-container\"><div class=\"kt-blocks-info-box-media kt-info-media-animate-none\"><div class=\"kadence-info-box-icon-container kt-info-icon-animate-none\"><div class=\"kadence-info-box-icon-inner-container\"><span class=\"kb-svg-icon-wrap kb-svg-icon-fe_phone kt-info-svg-icon\"><svg viewBox=\"0 0 24 24\"  fill=\"none\" stroke=\"currentColor\" stroke-width=\"2\" stroke-linecap=\"round\" stroke-linejoin=\"round\" xmlns=\"http:\/\/www.w3.org\/2000\/svg\"  role=\"img\"><title>phone<\/title><path d=\"M22 16.92v3a2 2 0 0 1-2.18 2 19.79 19.79 0 0 1-8.63-3.07 19.5 19.5 0 0 1-6-6 19.79 19.79 0 0 1-3.07-8.67A2 2 0 0 1 4.11 2h3a2 2 0 0 1 2 1.72 12.84 12.84 0 0 0 .7 2.81 2 2 0 0 1-.45 2.11L8.09 9.91a16 16 0 0 0 6 6l1.27-1.27a2 2 0 0 1 2.11-.45 12.84 12.84 0 0 0 2.81.7A2 2 0 0 1 22 16.92z\"\/><\/svg><\/span><\/div><\/div><\/div><\/div><div class=\"kt-infobox-textcontent\"><h6 class=\"kt-blocks-info-box-title\"><strong>TELEPHONE<\/strong><\/h6><p class=\"kt-blocks-info-box-text\">+33 (6)88 72 72 12<\/p><\/div><\/div><\/div>\n<\/div>\n\n\n\n<div class=\"wp-block-column is-layout-flow wp-block-column-is-layout-flow\"><style>.wp-block-kadence-column.kb-section-dir-horizontal > .kt-inside-inner-col > .kt-info-box_2d8ea3-cd .kt-blocks-info-box-link-wrap{max-width:unset;}.kt-info-box_2d8ea3-cd .kt-blocks-info-box-link-wrap{border-top-left-radius:0px;border-top-right-radius:0px;border-bottom-right-radius:0px;border-bottom-left-radius:0px;background:var(--global-palette9, #ffffff);padding-top:60px;padding-right:60px;padding-bottom:60px;padding-left:60px;margin-top:0px;margin-bottom:0px;}.kt-info-box_2d8ea3-cd .kt-blocks-info-box-link-wrap:hover{background:var(--global-palette8, #F7FAFC);}.kt-info-box_2d8ea3-cd .kadence-info-box-icon-container .kt-info-svg-icon, .kt-info-box_2d8ea3-cd .kt-info-svg-icon-flip, .kt-info-box_2d8ea3-cd .kt-blocks-info-box-number{font-size:30px;}.kt-info-box_2d8ea3-cd .kt-blocks-info-box-media{color:var(--global-palette9, #ffffff);background:var(--global-palette1, #3182CE);border-radius:200px;overflow:hidden;border-top-width:0px;border-right-width:0px;border-bottom-width:0px;border-left-width:0px;padding-top:20px;padding-right:20px;padding-bottom:20px;padding-left:20px;}.kt-info-box_2d8ea3-cd .kt-blocks-info-box-media-container{margin-top:0px;margin-right:15px;margin-bottom:10px;margin-left:15px;}.kt-info-box_2d8ea3-cd .kt-blocks-info-box-media .kadence-info-box-image-intrisic img{border-radius:200px;}.kt-info-box_2d8ea3-cd .kt-blocks-info-box-link-wrap:hover .kt-blocks-info-box-media{color:var(--global-palette9, #ffffff);background:var(--global-palette1, #3182CE);}.kt-info-box_2d8ea3-cd .kt-infobox-textcontent h6.kt-blocks-info-box-title{color:var(--global-palette3, #1A202C);padding-top:0px;padding-right:0px;padding-bottom:0px;padding-left:0px;margin-top:5px;margin-right:0px;margin-bottom:10px;margin-left:0px;}.kt-info-box_2d8ea3-cd .kt-infobox-textcontent .kt-blocks-info-box-text{color:var(--global-palette5, #4A5568);}.kt-info-box_2d8ea3-cd .kt-blocks-info-box-learnmore{background:transparent;border-color:#555555;border-width:0px 0px 0px 0px;padding-top:4px;padding-right:8px;padding-bottom:4px;padding-left:8px;margin-top:10px;margin-right:0px;margin-bottom:10px;margin-left:0px;}.kt-info-box_2d8ea3-cd .kt-blocks-info-box-link-wrap:hover .kt-blocks-info-box-learnmore,.kt-info-box_2d8ea3-cd .kt-blocks-info-box-link-wrap .kt-blocks-info-box-learnmore:focus{color:#ffffff;background:#444444;border-color:#444444;}<\/style>\n<div class=\"wp-block-kadence-infobox kt-info-box_2d8ea3-cd\"><div class=\"kt-blocks-info-box-link-wrap kt-blocks-info-box-media-align-top kt-info-halign-center\"><div class=\"kt-blocks-info-box-media-container\"><div class=\"kt-blocks-info-box-media kt-info-media-animate-none\"><div class=\"kadence-info-box-icon-container kt-info-icon-animate-none\"><div class=\"kadence-info-box-icon-inner-container\"><span class=\"kb-svg-icon-wrap kb-svg-icon-fe_mail kt-info-svg-icon\"><svg viewBox=\"0 0 24 24\"  fill=\"none\" stroke=\"currentColor\" stroke-width=\"2\" stroke-linecap=\"round\" stroke-linejoin=\"round\" xmlns=\"http:\/\/www.w3.org\/2000\/svg\"  role=\"img\"><title>email<\/title><path d=\"M4 4h16c1.1 0 2 .9 2 2v12c0 1.1-.9 2-2 2H4c-1.1 0-2-.9-2-2V6c0-1.1.9-2 2-2z\"\/><polyline points=\"22,6 12,13 2,6\"\/><\/svg><\/span><\/div><\/div><\/div><\/div><div class=\"kt-infobox-textcontent\"><h6 class=\"kt-blocks-info-box-title\"><strong>E-MAIL<\/strong><\/h6><p class=\"kt-blocks-info-box-text\">villaminguccio@gmail.com<\/p><\/div><\/div><\/div>\n<\/div>\n<\/div>\n<\/div><\/div>\n\n\n<style>.kadence-column_12ea7a-03 > .kt-inside-inner-col,.kadence-column_12ea7a-03 > .kt-inside-inner-col:before{border-top-left-radius:0px;border-top-right-radius:0px;border-bottom-right-radius:0px;border-bottom-left-radius:0px;}.kadence-column_12ea7a-03 > .kt-inside-inner-col{column-gap:var(--global-kb-gap-sm, 1rem);}.kadence-column_12ea7a-03 > .kt-inside-inner-col{flex-direction:column;}.kadence-column_12ea7a-03 > .kt-inside-inner-col > .aligncenter{width:100%;}.kadence-column_12ea7a-03 > .kt-inside-inner-col:before{opacity:0.3;}.kadence-column_12ea7a-03{position:relative;}@media all and (max-width: 1024px){.kadence-column_12ea7a-03 > .kt-inside-inner-col{flex-direction:column;justify-content:center;}}@media all and (max-width: 767px){.kadence-column_12ea7a-03 > .kt-inside-inner-col{flex-direction:column;justify-content:center;}}<\/style>\n<div class=\"wp-block-kadence-column kadence-column_12ea7a-03 inner-column-3\"><div class=\"kt-inside-inner-col\"><\/div><\/div>\n\n<\/div><\/div><\/div>\n<\/div>\n\n\n\n<p><\/p>\n","protected":false},"excerpt":{"rendered":"<p>TARIF Ce tarif s&rsquo;entend \u00e0 la nuit\u00e9e. Un minimum de 7 jours est requis. Un forfait m\u00e9nage est syst\u00e9matiquement appliqu\u00e9 \u00e0 chaque fin de s\u00e9jour. Prix : 50 \u20ac P\u00c9RIODE 1 ou 2 personnes 3 personnes 4 personnes 5 personnes 6 personnes NOVEMBRE \u2013 DECEMBRE \u2013 JANVIER 100 \u20ac 120 \u20ac 140 \u20ac 160 \u20ac&#8230;<\/p>","protected":false},"author":1,"featured_media":0,"parent":0,"menu_order":4,"comment_status":"closed","ping_status":"closed","template":"","meta":{"_kadence_starter_templates_imported_post":false,"_kad_post_transparent":"","_kad_post_title":"","_kad_post_layout":"","_kad_post_sidebar_id":"","_kad_post_content_style":"","_kad_post_vertical_padding":"","_kad_post_feature":"","_kad_post_feature_position":"","_kad_post_header":false,"_kad_post_footer":false,"_kad_post_classname":"","footnotes":""},"class_list":["post-3658","page","type-page","status-publish","hentry"],"_links":{"self":[{"href":"https:\/\/villaminguccio.com\/it\/wp-json\/wp\/v2\/pages\/3658","targetHints":{"allow":["GET"]}}],"collection":[{"href":"https:\/\/villaminguccio.com\/it\/wp-json\/wp\/v2\/pages"}],"about":[{"href":"https:\/\/villaminguccio.com\/it\/wp-json\/wp\/v2\/types\/page"}],"author":[{"embeddable":true,"href":"https:\/\/villaminguccio.com\/it\/wp-json\/wp\/v2\/users\/1"}],"replies":[{"embeddable":true,"href":"https:\/\/villaminguccio.com\/it\/wp-json\/wp\/v2\/comments?post=3658"}],"version-history":[{"count":11,"href":"https:\/\/villaminguccio.com\/it\/wp-json\/wp\/v2\/pages\/3658\/revisions"}],"predecessor-version":[{"id":3795,"href":"https:\/\/villaminguccio.com\/it\/wp-json\/wp\/v2\/pages\/3658\/revisions\/3795"}],"wp:attachment":[{"href":"https:\/\/villaminguccio.com\/it\/wp-json\/wp\/v2\/media?parent=3658"}],"curies":[{"name":"wp","href":"https:\/\/api.w.org\/{rel}","templated":true}]}}