{"id":3035,"date":"2022-04-28T15:28:19","date_gmt":"2022-04-28T13:28:19","guid":{"rendered":"https:\/\/villaminguccio.com\/?page_id=3035"},"modified":"2022-12-20T11:52:05","modified_gmt":"2022-12-20T10:52:05","slug":"les-hotes","status":"publish","type":"page","link":"https:\/\/villaminguccio.com\/it\/les-hotes\/","title":{"rendered":"Gli ospiti"},"content":{"rendered":"<style>#kt-layout-id_4d314b-53 > .kt-row-column-wrap{align-content:start;}:where(#kt-layout-id_4d314b-53 > .kt-row-column-wrap) > .wp-block-kadence-column{justify-content:start;}#kt-layout-id_4d314b-53 > .kt-row-column-wrap{column-gap:var(--global-kb-gap-md, 2rem);row-gap:var(--global-kb-gap-md, 2rem);padding-top:var( --global-kb-row-default-top, 25px );padding-bottom:var( --global-kb-row-default-bottom, 25px );padding-top:0px;padding-bottom:0px;grid-template-columns:minmax(0, 1fr);}#kt-layout-id_4d314b-53 > .kt-row-layout-overlay{opacity:0.30;}@media all and (max-width: 1024px){#kt-layout-id_4d314b-53 > .kt-row-column-wrap{grid-template-columns:minmax(0, 1fr);}}@media all and (max-width: 767px){#kt-layout-id_4d314b-53 > .kt-row-column-wrap{grid-template-columns:minmax(0, 1fr);}}<\/style>\n<div class=\"wp-block-kadence-rowlayout alignnone\"><div id=\"kt-layout-id_4d314b-53\" class=\"kt-row-layout-inner kt-layout-id_4d314b-53\"><div class=\"kt-row-column-wrap kt-has-1-columns kt-gutter-default kt-v-gutter-default kt-row-valign-top kt-row-layout-equal kt-tab-layout-inherit kt-m-colapse-left-to-right kt-mobile-layout-row\"><style>.kadence-column_619206-d0 > .kt-inside-inner-col{border-top-width:0px;border-right-width:0px;border-bottom-width:0px;border-left-width:0px;}.kadence-column_619206-d0 > .kt-inside-inner-col,.kadence-column_619206-d0 > .kt-inside-inner-col:before{border-top-left-radius:0px;border-top-right-radius:0px;border-bottom-right-radius:0px;border-bottom-left-radius:0px;}.kadence-column_619206-d0 > .kt-inside-inner-col{column-gap:var(--global-kb-gap-sm, 1rem);}.kadence-column_619206-d0 > .kt-inside-inner-col{flex-direction:column;}.kadence-column_619206-d0 > .kt-inside-inner-col > .aligncenter{width:100%;}.kadence-column_619206-d0 > .kt-inside-inner-col:before{opacity:0.3;}.kadence-column_619206-d0{position:relative;}@media all and (max-width: 1024px){.kadence-column_619206-d0 > .kt-inside-inner-col{flex-direction:column;justify-content:center;}}@media all and (max-width: 767px){.kadence-column_619206-d0 > .kt-inside-inner-col{flex-direction:column;justify-content:center;}}<\/style>\n<div class=\"wp-block-kadence-column inner-column-1 kadence-column_619206-d0\"><div class=\"kt-inside-inner-col\"><style>#kt-layout-id_f57675-7d{margin-top:0px;}#kt-layout-id_f57675-7d > .kt-row-column-wrap{align-content:center;}:where(#kt-layout-id_f57675-7d > .kt-row-column-wrap) > .wp-block-kadence-column{justify-content:center;}#kt-layout-id_f57675-7d > .kt-row-column-wrap{column-gap:var(--global-kb-gap-md, 2rem);row-gap:var(--global-kb-gap-md, 2rem);max-width:500px;margin-left:auto;margin-right:auto;padding-top:var( --global-kb-row-default-top, 25px );padding-bottom:var( --global-kb-row-default-bottom, 25px );padding-top:279px;padding-bottom:260px;grid-template-columns:minmax(0, 1fr);}#kt-layout-id_f57675-7d{background-image:url('https:\/\/villaminguccio.com\/wp-content\/uploads\/2022\/03\/20210626_163344-scaled.jpg');background-size:cover;background-position:54% 50%;background-attachment:scroll;background-repeat:no-repeat;}#kt-layout-id_f57675-7d > .kt-row-layout-overlay{opacity:0.21;}#kt-layout-id_f57675-7d .kt-row-layout-bottom-sep{height:100px;}#kt-layout-id_f57675-7d .kt-row-layout-bottom-sep svg{width:100%;}#kt-layout-id_f57675-7d .kt-row-layout-bottom-sep svg{fill:#ffffff!important;}@media all and (max-width: 1024px){#kt-layout-id_f57675-7d > .kt-row-column-wrap{grid-template-columns:minmax(0, 1fr);}}@media all and (max-width: 1024px){#kt-layout-id_f57675-7d .kt-row-layout-bottom-sep{height:px;}}@media all and (max-width: 1024px){#kt-layout-id_f57675-7d .kt-row-layout-bottom-sep svg{width:%;}}@media all and (max-width: 767px){#kt-layout-id_f57675-7d > .kt-row-column-wrap{grid-template-columns:minmax(0, 1fr);}#kt-layout-id_f57675-7d .kt-row-layout-bottom-sep{height:px;}#kt-layout-id_f57675-7d .kt-row-layout-bottom-sep svg{width:%;}}<\/style>\n<div class=\"wp-block-kadence-rowlayout alignnone\"><div id=\"kt-layout-id_f57675-7d\" class=\"kt-row-layout-inner kt-row-has-bg kt-layout-id_f57675-7d\"><div class=\"kt-row-column-wrap kt-has-1-columns kt-gutter-default kt-v-gutter-default kt-row-valign-middle kt-row-layout-equal kt-tab-layout-inherit kt-m-colapse-left-to-right kt-mobile-layout-row\"><style>.kadence-column_6cc789-88 > .kt-inside-inner-col{border-top-width:0px;border-right-width:0px;border-bottom-width:0px;border-left-width:0px;}.kadence-column_6cc789-88 > .kt-inside-inner-col,.kadence-column_6cc789-88 > .kt-inside-inner-col:before{border-top-left-radius:0px;border-top-right-radius:0px;border-bottom-right-radius:0px;border-bottom-left-radius:0px;}.kadence-column_6cc789-88 > .kt-inside-inner-col{column-gap:var(--global-kb-gap-sm, 1rem);}.kadence-column_6cc789-88 > .kt-inside-inner-col{flex-direction:column;}.kadence-column_6cc789-88 > .kt-inside-inner-col > .aligncenter{width:100%;}.kadence-column_6cc789-88 > .kt-inside-inner-col:before{opacity:0.3;}.kadence-column_6cc789-88{position:relative;}@media all and (max-width: 1024px){.kadence-column_6cc789-88 > .kt-inside-inner-col{flex-direction:column;justify-content:center;}}@media all and (max-width: 767px){.kadence-column_6cc789-88 > .kt-inside-inner-col{flex-direction:column;justify-content:center;}}<\/style>\n<div class=\"wp-block-kadence-column inner-column-1 kadence-column_6cc789-88\"><div class=\"kt-inside-inner-col\"><\/div><\/div>\n<\/div><\/div><\/div>\n\n\n\n<div class=\"wp-block-group\"><div class=\"wp-block-group__inner-container is-layout-flow wp-block-group-is-layout-flow\"><\/div><\/div>\n<\/div><\/div>\n<\/div><\/div><\/div>\n\n\n\n<p><\/p>\n\n\n<style>#kt-layout-id_d304e0-59 > .kt-row-column-wrap{align-content:center;}:where(#kt-layout-id_d304e0-59 > .kt-row-column-wrap) > .wp-block-kadence-column{justify-content:center;}#kt-layout-id_d304e0-59 > .kt-row-column-wrap{column-gap:var(--global-kb-gap-lg, 4rem);row-gap:var(--global-kb-gap-md, 2rem);max-width:var( --global-content-width, 2000px );padding-left:var(--global-content-edge-padding);padding-right:var(--global-content-edge-padding);padding-top:var( --global-kb-row-default-top, 25px );padding-bottom:var( --global-kb-row-default-bottom, 25px );padding-top:60px;padding-bottom:60px;grid-template-columns:repeat(2, minmax(0, 1fr));}#kt-layout-id_d304e0-59 > .kt-row-layout-overlay{opacity:0.30;}@media all and (max-width: 1024px){#kt-layout-id_d304e0-59 > .kt-row-column-wrap{grid-template-columns:repeat(2, minmax(0, 1fr));}}@media all and (max-width: 767px){#kt-layout-id_d304e0-59 > .kt-row-column-wrap{grid-template-columns:minmax(0, 1fr);}}<\/style>\n<div class=\"wp-block-kadence-rowlayout alignnone\"><div id=\"kt-layout-id_d304e0-59\" class=\"kt-row-layout-inner kt-layout-id_d304e0-59\"><div class=\"kt-row-column-wrap kt-has-2-columns kt-gutter-wider kt-v-gutter-default kt-row-valign-middle kt-row-layout-equal kt-tab-layout-inherit kt-m-colapse-left-to-right kt-mobile-layout-row kb-theme-content-width\"><style>.kadence-column_01cd3c-41 > .kt-inside-inner-col{border-top-width:0px;border-right-width:0px;border-bottom-width:0px;border-left-width:0px;}.kadence-column_01cd3c-41 > .kt-inside-inner-col,.kadence-column_01cd3c-41 > .kt-inside-inner-col:before{border-top-left-radius:0px;border-top-right-radius:0px;border-bottom-right-radius:0px;border-bottom-left-radius:0px;}.kadence-column_01cd3c-41 > .kt-inside-inner-col{column-gap:var(--global-kb-gap-sm, 1rem);}.kadence-column_01cd3c-41 > .kt-inside-inner-col{flex-direction:column;}.kadence-column_01cd3c-41 > .kt-inside-inner-col > .aligncenter{width:100%;}.kadence-column_01cd3c-41 > .kt-inside-inner-col:before{opacity:0.3;}.kadence-column_01cd3c-41{position:relative;}@media all and (max-width: 1024px){.kadence-column_01cd3c-41 > .kt-inside-inner-col{flex-direction:column;justify-content:center;}}@media all and (max-width: 767px){.kadence-column_01cd3c-41 > .kt-inside-inner-col{flex-direction:column;justify-content:center;}}<\/style>\n<div class=\"wp-block-kadence-column inner-column-1 kadence-column_01cd3c-41\"><div class=\"kt-inside-inner-col\"><div class=\"wp-block-image\">\n<figure class=\"aligncenter size-large is-resized\"><img loading=\"lazy\" decoding=\"async\" src=\"https:\/\/villaminguccio.com\/wp-content\/uploads\/2022\/04\/IMG-20220321-WA0021-1024x1024.jpg\" alt=\"\" class=\"wp-image-2975\" width=\"512\" height=\"512\" srcset=\"https:\/\/villaminguccio.com\/wp-content\/uploads\/2022\/04\/IMG-20220321-WA0021-1024x1024.jpg 1024w, https:\/\/villaminguccio.com\/wp-content\/uploads\/2022\/04\/IMG-20220321-WA0021-300x300.jpg 300w, https:\/\/villaminguccio.com\/wp-content\/uploads\/2022\/04\/IMG-20220321-WA0021-150x150.jpg 150w, https:\/\/villaminguccio.com\/wp-content\/uploads\/2022\/04\/IMG-20220321-WA0021-768x768.jpg 768w\" sizes=\"auto, (max-width: 512px) 100vw, 512px\" \/><\/figure>\n<\/div>\n\n\n<figure class=\"wp-block-image size-full is-resized is-style-default\"><img loading=\"lazy\" decoding=\"async\" src=\"https:\/\/villaminguccio.com\/wp-content\/uploads\/2022\/04\/proprio01.jpg\" alt=\"\" class=\"wp-image-3019\" width=\"706\" height=\"522\"\/><\/figure>\n\n\n<div class=\"wp-block-image is-style-default\">\n<figure class=\"aligncenter size-full is-resized\"><img loading=\"lazy\" decoding=\"async\" src=\"https:\/\/villaminguccio.com\/wp-content\/uploads\/2022\/04\/IMG-20201024-WA0013.jpg\" alt=\"\" class=\"wp-image-3043\" width=\"432\" height=\"768\"\/><\/figure>\n<\/div><\/div><\/div>\n\n\n<style>.kadence-column_f2c1d9-1e > .kt-inside-inner-col{border-top-width:0px;border-right-width:0px;border-bottom-width:0px;border-left-width:0px;}.kadence-column_f2c1d9-1e > .kt-inside-inner-col,.kadence-column_f2c1d9-1e > .kt-inside-inner-col:before{border-top-left-radius:0px;border-top-right-radius:0px;border-bottom-right-radius:0px;border-bottom-left-radius:0px;}.kadence-column_f2c1d9-1e > .kt-inside-inner-col{column-gap:var(--global-kb-gap-sm, 1rem);}.kadence-column_f2c1d9-1e > .kt-inside-inner-col{flex-direction:column;}.kadence-column_f2c1d9-1e > .kt-inside-inner-col > .aligncenter{width:100%;}.kadence-column_f2c1d9-1e > .kt-inside-inner-col:before{opacity:0.3;}.kadence-column_f2c1d9-1e{position:relative;}@media all and (max-width: 1024px){.kadence-column_f2c1d9-1e > .kt-inside-inner-col{flex-direction:column;justify-content:center;}}@media all and (max-width: 767px){.kadence-column_f2c1d9-1e > .kt-inside-inner-col{flex-direction:column;justify-content:center;}}<\/style>\n<div class=\"wp-block-kadence-column inner-column-2 kadence-column_f2c1d9-1e\"><div class=\"kt-inside-inner-col\"><style>.wp-block-kadence-advancedheading.kt-adv-heading_f2078a-e2, .wp-block-kadence-advancedheading.kt-adv-heading_f2078a-e2[data-kb-block=\"kb-adv-heading_f2078a-e2\"]{margin-top:1px;margin-bottom:1px;text-align:left;font-size:20px;line-height:24px;font-weight:200;font-style:normal;font-family:Montserrat;color:#444;}.wp-block-kadence-advancedheading.kt-adv-heading_f2078a-e2 mark.kt-highlight, .wp-block-kadence-advancedheading.kt-adv-heading_f2078a-e2[data-kb-block=\"kb-adv-heading_f2078a-e2\"] mark.kt-highlight{font-style:normal;color:#f76a0c;-webkit-box-decoration-break:clone;box-decoration-break:clone;padding-top:0px;padding-right:0px;padding-bottom:0px;padding-left:0px;}.wp-block-kadence-advancedheading.kt-adv-heading_f2078a-e2 img.kb-inline-image, .wp-block-kadence-advancedheading.kt-adv-heading_f2078a-e2[data-kb-block=\"kb-adv-heading_f2078a-e2\"] img.kb-inline-image{width:150px;vertical-align:baseline;}<\/style>\n<h2 class=\"kt-adv-heading_f2078a-e2 wp-block-kadence-advancedheading\" data-kb-block=\"kb-adv-heading_f2078a-e2\"><\/h2>\n\n\n<style>.wp-block-kadence-advancedheading.kt-adv-heading_809b85-30, .wp-block-kadence-advancedheading.kt-adv-heading_809b85-30[data-kb-block=\"kb-adv-heading_809b85-30\"]{margin-top:1px;margin-bottom:15px;text-align:left;font-size:40px;line-height:50px;font-weight:800;font-style:normal;font-family:Montserrat;color:#444;}.wp-block-kadence-advancedheading.kt-adv-heading_809b85-30 mark.kt-highlight, .wp-block-kadence-advancedheading.kt-adv-heading_809b85-30[data-kb-block=\"kb-adv-heading_809b85-30\"] mark.kt-highlight{font-style:normal;color:#f76a0c;-webkit-box-decoration-break:clone;box-decoration-break:clone;padding-top:0px;padding-right:0px;padding-bottom:0px;padding-left:0px;}.wp-block-kadence-advancedheading.kt-adv-heading_809b85-30 img.kb-inline-image, .wp-block-kadence-advancedheading.kt-adv-heading_809b85-30[data-kb-block=\"kb-adv-heading_809b85-30\"] img.kb-inline-image{width:150px;vertical-align:baseline;}<\/style>\n<h1 class=\"kt-adv-heading_809b85-30 wp-block-kadence-advancedheading\" data-kb-block=\"kb-adv-heading_809b85-30\">LES H\u00d4TES<\/h1>\n\n\n\n<p>Nous sommes Catherine et Matthieu, fr\u00e8re et s\u0153ur et propri\u00e9taires de la villa Minguccio.<\/p>\n\n\n\n<p>Notre p\u00e8re Domenico nous a l\u00e9gu\u00e9 cette villa apr\u00e8s son d\u00e9c\u00e8s. Minguccio signifie Domenico en dialecte monopolitain. Il nous semblait \u00e9vident que le nom de cette villa devait lui rendre hommage\u2026<br><br>Cette villa, c\u2019est l\u2019histoire de toute une famille.<\/p>\n\n\n\n<p>Le panneau \u00ab&nbsp;Proprieta privata&nbsp;\u00bb que vous voyez \u00e0 l\u2019entr\u00e9e du chemin abritait l\u2019entr\u00e9e d\u2019un lopin de terre.<\/p>\n\n\n\n<p>Notre arri\u00e8re grand-p\u00e8re avait divis\u00e9 chaque parcelle de cette terre allant jusqu\u2019\u00e0 la mer et donn\u00e9 une parcelle \u00e0 chacun de ses fils. Notre grand p\u00e8re y a construit cette villa restaur\u00e9e des ann\u00e9es plus tard par notre p\u00e8re.<\/p>\n\n\n\n<p>Chaque \u00e9t\u00e9 des vacances scolaires, nous retrouvions nos petits cousins et cousines sur le chemin de terre, pieds nus, en maillots de bain \u00e0 courir apr\u00e8s les ballons et les l\u00e9zards en direction de la plage.<\/p>\n\n\n\n<p>Nous pouvons nous souvenir des grandes tabl\u00e9es d&rsquo;adultes et d&rsquo;enfants o\u00f9 nous passions des heures \u00e0 table, \u00e0 rire, \u00e0 partager autour des d\u00e9licieux plats de notre Nonna.<\/p>\n\n\n\n<p>La famille \u00e9tait au rendez-vous. L\u2019anguria (la past\u00e8que) \u00e9tait l\u2019embl\u00e8me supr\u00eame de la fin du repas pour pouvoir aller \u00ab\u00a0giu\u00a0\u00bb (en bas) plonger, nager, aller dans l\u2019eau. Oui\u2026 mais\u2026 Il fallait encore attendre la digestion&nbsp;! Quelle calamit\u00e9 pour un enfant&nbsp;!<\/p>\n\n\n\n<p>Quand notre grand-p\u00e8re est d\u00e9c\u00e9d\u00e9, les grandes tabl\u00e9es ont fini par dispara\u00eetre. <\/p>\n\n\n\n<p>Notre p\u00e8re a d\u00e9cid\u00e9 de restaurer cette maison pour continuer \u00e0 la faire vivre.<\/p>\n\n\n\n<p>Ses derniers mois ont \u00e9t\u00e9 le fruit d\u2019un travail acharn\u00e9, seul et vaillant, \u00e0 reconstruire cette maison pour la remettre en \u00e9tat, au go\u00fbt du jour, \u00e0 son go\u00fbt. Nous avions esp\u00e9r\u00e9 qu\u2019il finisse ses jours ici, retrouver ses racines et la douceur de la vie, prendre soin du jardin et de ses oliviers. La vie en a d\u00e9cid\u00e9 autrement.<\/p>\n\n\n\n<p>Nous voulons que ce lieu continue d\u2019\u00eatre un havre de paix, un endroit o\u00f9 se ressourcer, un endroit o\u00f9 se retrouver. <br><br>Nous souhaiterions vous faire partager ce lieu afin que vous puissiez passer du bon temps, que vous rameniez dans vos valises de merveilleux souvenirs de cette r\u00e9gion et de cette atmosph\u00e8re du sud de l\u2019Italie avec ses murs en pierre, sa terre s\u00e8che, ses figuiers, ses pruniers, ses figues de barbarie, ses c\u00e2pres, ses oliviers, ses amandiers et les senteurs du thym.<\/p>\n\n\n\n<p>Nous esp\u00e9rons que vous prendrez soin de cet endroit et que vous l\u2019appr\u00e9cierez autant que tous les souvenirs merveilleux que nous avons pu avoir dans cette maison.<\/p>\n\n\n\n<p> Merci de faire de ce lieu un endroit serein o\u00f9 circule joie et douceur de vivre.<\/p>\n<\/div><\/div>\n<\/div><\/div><\/div>\n","protected":false},"excerpt":{"rendered":"<p>LES H\u00d4TES Nous sommes Catherine et Matthieu, fr\u00e8re et s\u0153ur et propri\u00e9taires de la villa Minguccio. Notre p\u00e8re Domenico nous a l\u00e9gu\u00e9 cette villa apr\u00e8s son d\u00e9c\u00e8s. Minguccio signifie Domenico en dialecte monopolitain. Il nous semblait \u00e9vident que le nom de cette villa devait lui rendre hommage\u2026 Cette villa, c\u2019est l\u2019histoire de toute une famille&#8230;.<\/p>","protected":false},"author":1,"featured_media":0,"parent":0,"menu_order":3,"comment_status":"closed","ping_status":"closed","template":"","meta":{"_kadence_starter_templates_imported_post":false,"_kad_post_transparent":"","_kad_post_title":"","_kad_post_layout":"","_kad_post_sidebar_id":"","_kad_post_content_style":"","_kad_post_vertical_padding":"","_kad_post_feature":"","_kad_post_feature_position":"","_kad_post_header":false,"_kad_post_footer":false,"_kad_post_classname":"","footnotes":""},"class_list":["post-3035","page","type-page","status-publish","hentry"],"_links":{"self":[{"href":"https:\/\/villaminguccio.com\/it\/wp-json\/wp\/v2\/pages\/3035","targetHints":{"allow":["GET"]}}],"collection":[{"href":"https:\/\/villaminguccio.com\/it\/wp-json\/wp\/v2\/pages"}],"about":[{"href":"https:\/\/villaminguccio.com\/it\/wp-json\/wp\/v2\/types\/page"}],"author":[{"embeddable":true,"href":"https:\/\/villaminguccio.com\/it\/wp-json\/wp\/v2\/users\/1"}],"replies":[{"embeddable":true,"href":"https:\/\/villaminguccio.com\/it\/wp-json\/wp\/v2\/comments?post=3035"}],"version-history":[{"count":50,"href":"https:\/\/villaminguccio.com\/it\/wp-json\/wp\/v2\/pages\/3035\/revisions"}],"predecessor-version":[{"id":3726,"href":"https:\/\/villaminguccio.com\/it\/wp-json\/wp\/v2\/pages\/3035\/revisions\/3726"}],"wp:attachment":[{"href":"https:\/\/villaminguccio.com\/it\/wp-json\/wp\/v2\/media?parent=3035"}],"curies":[{"name":"wp","href":"https:\/\/api.w.org\/{rel}","templated":true}]}}